{"id":3,"date":"2025-03-23T07:43:20","date_gmt":"2025-03-23T07:43:20","guid":{"rendered":"https:\/\/www.urbansketchers-wuerzburg.de\/?page_id=3"},"modified":"2025-03-23T08:58:17","modified_gmt":"2025-03-23T08:58:17","slug":"privacy-policy","status":"publish","type":"page","link":"https:\/\/www.urbansketchers-wuerzburg.de\/?page_id=3","title":{"rendered":"Datenschutz"},"content":{"rendered":"\n<h2 class=\"wp-block-heading\"><strong>Wer wir sind<\/strong><\/h2>\n\n\n\n<p>Unsere Website-Adresse lautet:&nbsp;<a href=\"https:\/\/www.urbansketchers-wuerzburg.de\/\">https:\/\/www.urbansketchers-wuerzburg.de<\/a>.<\/p>\n\n\n\n<hr class=\"wp-block-separator has-alpha-channel-opacity\"\/>\n\n\n\n<p><strong>Kommentare<\/strong><\/p>\n\n\n\n<p>Wenn Besucher Kommentare auf der Website hinterlassen, erfassen wir die im Kommentarformular angezeigten Daten sowie die IP-Adresse des Besuchers und den User-Agent-String des Browsers, um die Erkennung von Spam zu unterst\u00fctzen.<\/p>\n\n\n\n<p>Eine anonymisierte Zeichenfolge, die aus Ihrer E-Mail-Adresse erstellt wird (auch Hash genannt), kann dem Gravatar-Dienst zur Verf\u00fcgung gestellt werden, um zu pr\u00fcfen, ob Sie diesen nutzen. Die Datenschutzrichtlinie des Gravatar-Dienstes finden Sie hier:&nbsp;<a href=\"https:\/\/automattic.com\/privacy\/\">https:\/\/automattic.com\/privacy\/<\/a>. Nach der Freigabe Ihres Kommentars ist Ihr Profilbild im Zusammenhang mit Ihrem Kommentar \u00f6ffentlich sichtbar.<\/p>\n\n\n\n<hr class=\"wp-block-separator has-alpha-channel-opacity\"\/>\n\n\n\n<p><strong>Medien<\/strong><\/p>\n\n\n\n<p>Wenn Sie Bilder auf die Website hochladen, sollten Sie vermeiden, Bilder mit eingebetteten Standortdaten (EXIF GPS) hochzuladen. Besucher der Website k\u00f6nnen Standortdaten aus Bildern auf der Website herunterladen und extrahieren.<\/p>\n\n\n\n<hr class=\"wp-block-separator has-alpha-channel-opacity\"\/>\n\n\n\n<p><strong>Cookies<\/strong><\/p>\n\n\n\n<p>Wenn Sie einen Kommentar auf unserer Website hinterlassen, k\u00f6nnen Sie ausw\u00e4hlen, ob Ihr Name, Ihre E-Mail-Adresse und Ihre Website in Cookies gespeichert werden sollen. Dies ist eine Komfortfunktion, damit Sie diese Angaben nicht erneut machen m\u00fcssen, wenn Sie einen weiteren Kommentar hinterlassen. Diese Cookies bleiben ein Jahr lang gespeichert.<\/p>\n\n\n\n<p>Wenn Sie unsere Login-Seite besuchen, wird ein tempor\u00e4rer Cookie gesetzt, um festzustellen, ob Ihr Browser Cookies akzeptiert. Dieser Cookie enth\u00e4lt keine personenbezogenen Daten und wird gel\u00f6scht, sobald Sie Ihren Browser schlie\u00dfen.<\/p>\n\n\n\n<p>Wenn Sie sich einloggen, werden mehrere Cookies eingerichtet, um Ihre Anmeldeinformationen und Anzeigeoptionen zu speichern. Anmelde-Cookies bleiben zwei Tage lang bestehen, und Cookies f\u00fcr Anzeigeoptionen ein Jahr. Wenn Sie \u201eAngemeldet bleiben\u201c ausw\u00e4hlen, bleibt Ihre Anmeldung zwei Wochen lang bestehen. Wenn Sie sich von Ihrem Konto abmelden, werden die Anmelde-Cookies gel\u00f6scht.<\/p>\n\n\n\n<p>Wenn Sie einen Artikel bearbeiten oder ver\u00f6ffentlichen, wird ein zus\u00e4tzlicher Cookie in Ihrem Browser gespeichert. Dieser Cookie enth\u00e4lt keine personenbezogenen Daten und zeigt lediglich die Beitrags-ID des gerade bearbeiteten Artikels an. Er l\u00e4uft nach einem Tag ab.<\/p>\n\n\n\n<hr class=\"wp-block-separator has-alpha-channel-opacity\"\/>\n\n\n\n<p><strong>Eingebettete Inhalte von anderen Websites<\/strong><\/p>\n\n\n\n<p>Beitr\u00e4ge auf dieser Website k\u00f6nnen eingebettete Inhalte enthalten (z.\u202fB. Videos, Bilder, Artikel etc.). Eingebettete Inhalte von anderen Websites verhalten sich genau so, als ob der Besucher die andere Website besucht h\u00e4tte.<\/p>\n\n\n\n<p>Diese Websites k\u00f6nnen Daten \u00fcber Sie sammeln, Cookies verwenden, zus\u00e4tzliche Tracking-Dienste von Dritten einbetten und Ihre Interaktion mit dem eingebetteten Inhalt \u00fcberwachen \u2013 einschlie\u00dflich Ihrer Interaktion mit dem eingebetteten Inhalt, wenn Sie ein Konto haben und auf dieser Website angemeldet sind.<\/p>\n\n\n\n<hr class=\"wp-block-separator has-alpha-channel-opacity\"\/>\n\n\n\n<p><strong>Mit wem wir Ihre Daten teilen<\/strong><\/p>\n\n\n\n<p>Wenn Sie eine Zur\u00fccksetzung des Passworts anfordern, wird Ihre IP-Adresse in der E-Mail zur Zur\u00fccksetzung enthalten sein.<\/p>\n\n\n\n<hr class=\"wp-block-separator has-alpha-channel-opacity\"\/>\n\n\n\n<p><strong>Wie lange wir Ihre Daten speichern<\/strong><\/p>\n\n\n\n<p>Wenn Sie einen Kommentar hinterlassen, wird dieser inklusive Metadaten zeitlich unbegrenzt gespeichert. Auf diese Weise k\u00f6nnen wir Folgekommentare automatisch erkennen und freigeben, anstatt sie in einer Moderationswarteschlange festzuhalten.<\/p>\n\n\n\n<p>F\u00fcr Benutzer, die sich auf unserer Website registrieren (falls vorhanden), speichern wir auch die pers\u00f6nlichen Informationen, die sie in ihrem Benutzerprofil angeben. Alle Benutzer k\u00f6nnen ihre pers\u00f6nlichen Informationen jederzeit einsehen, bearbeiten oder l\u00f6schen (mit Ausnahme des Benutzernamens). Website-Administratoren k\u00f6nnen diese Informationen ebenfalls einsehen und bearbeiten.<\/p>\n\n\n\n<hr class=\"wp-block-separator has-alpha-channel-opacity\"\/>\n\n\n\n<p><strong>Welche Rechte Sie an Ihren Daten haben<\/strong><\/p>\n\n\n\n<p>Wenn Sie ein Konto auf dieser Website besitzen oder Kommentare hinterlassen haben, k\u00f6nnen Sie einen Export Ihrer personenbezogenen Daten bei uns anfordern, einschlie\u00dflich aller Daten, die Sie uns mitgeteilt haben. Sie k\u00f6nnen au\u00dferdem die L\u00f6schung aller personenbezogenen Daten beantragen, die wir \u00fcber Sie gespeichert haben. Dies umfasst nicht die Daten, die wir aus administrativen, rechtlichen oder sicherheitsrelevanten Gr\u00fcnden aufbewahren m\u00fcssen.<\/p>\n\n\n\n<hr class=\"wp-block-separator has-alpha-channel-opacity\"\/>\n\n\n\n<p><strong>Wohin Ihre Daten gesendet werden<\/strong><\/p>\n\n\n\n<p>Besucher-Kommentare k\u00f6nnten von einem automatisierten Dienst zur Spam-Erkennung untersucht werden.<\/p>\n","protected":false},"excerpt":{"rendered":"<p>Wer wir sind Unsere Website-Adresse lautet:&nbsp;https:\/\/www.urbansketchers-wuerzburg.de. Kommentare Wenn Besucher Kommentare auf der Website hinterlassen, erfassen wir die im Kommentarformular angezeigten Daten sowie die IP-Adresse des Besuchers und den User-Agent-String des Browsers, um die Erkennung von Spam zu unterst\u00fctzen. Eine anonymisierte Zeichenfolge, die aus Ihrer E-Mail-Adresse erstellt wird (auch Hash genannt), kann dem Gravatar-Dienst zur Verf\u00fcgung [&hellip;]<\/p>\n","protected":false},"author":1,"featured_media":0,"parent":0,"menu_order":0,"comment_status":"closed","ping_status":"open","template":"","meta":{"footnotes":""},"class_list":["post-3","page","type-page","status-publish","hentry"],"yoast_head":"<!-- This site is optimized with the Yoast SEO plugin v27.2 - https:\/\/yoast.com\/product\/yoast-seo-wordpress\/ -->\n<title>Datenschutz - Urban Sketchers W\u00fcrzburg<\/title>\n<meta name=\"robots\" content=\"index, follow, max-snippet:-1, max-image-preview:large, max-video-preview:-1\" \/>\n<link rel=\"canonical\" href=\"https:\/\/www.urbansketchers-wuerzburg.de\/?page_id=3\" \/>\n<meta property=\"og:locale\" content=\"de_DE\" \/>\n<meta property=\"og:type\" content=\"article\" \/>\n<meta property=\"og:title\" content=\"Datenschutz - Urban Sketchers W\u00fcrzburg\" \/>\n<meta property=\"og:description\" content=\"Wer wir sind Unsere Website-Adresse lautet:&nbsp;https:\/\/www.urbansketchers-wuerzburg.de. Kommentare Wenn Besucher Kommentare auf der Website hinterlassen, erfassen wir die im Kommentarformular angezeigten Daten sowie die IP-Adresse des Besuchers und den User-Agent-String des Browsers, um die Erkennung von Spam zu unterst\u00fctzen. Eine anonymisierte Zeichenfolge, die aus Ihrer E-Mail-Adresse erstellt wird (auch Hash genannt), kann dem Gravatar-Dienst zur Verf\u00fcgung [&hellip;]\" \/>\n<meta property=\"og:url\" content=\"https:\/\/www.urbansketchers-wuerzburg.de\/?page_id=3\" \/>\n<meta property=\"og:site_name\" content=\"Urban Sketchers W\u00fcrzburg\" \/>\n<meta property=\"article:modified_time\" content=\"2025-03-23T08:58:17+00:00\" \/>\n<meta name=\"twitter:card\" content=\"summary_large_image\" \/>\n<meta name=\"twitter:label1\" content=\"Gesch\u00e4tzte Lesezeit\" \/>\n\t<meta name=\"twitter:data1\" content=\"4\u00a0Minuten\" \/>\n<script type=\"application\/ld+json\" class=\"yoast-schema-graph\">{\"@context\":\"https:\/\/schema.org\",\"@graph\":[{\"@type\":\"WebPage\",\"@id\":\"https:\/\/www.urbansketchers-wuerzburg.de\/?page_id=3\",\"url\":\"https:\/\/www.urbansketchers-wuerzburg.de\/?page_id=3\",\"name\":\"Datenschutz - Urban Sketchers W\u00fcrzburg\",\"isPartOf\":{\"@id\":\"https:\/\/www.urbansketchers-wuerzburg.de\/#website\"},\"datePublished\":\"2025-03-23T07:43:20+00:00\",\"dateModified\":\"2025-03-23T08:58:17+00:00\",\"breadcrumb\":{\"@id\":\"https:\/\/www.urbansketchers-wuerzburg.de\/?page_id=3#breadcrumb\"},\"inLanguage\":\"de\",\"potentialAction\":[{\"@type\":\"ReadAction\",\"target\":[\"https:\/\/www.urbansketchers-wuerzburg.de\/?page_id=3\"]}]},{\"@type\":\"BreadcrumbList\",\"@id\":\"https:\/\/www.urbansketchers-wuerzburg.de\/?page_id=3#breadcrumb\",\"itemListElement\":[{\"@type\":\"ListItem\",\"position\":1,\"name\":\"Startseite\",\"item\":\"https:\/\/www.urbansketchers-wuerzburg.de\/\"},{\"@type\":\"ListItem\",\"position\":2,\"name\":\"Datenschutz\"}]},{\"@type\":\"WebSite\",\"@id\":\"https:\/\/www.urbansketchers-wuerzburg.de\/#website\",\"url\":\"https:\/\/www.urbansketchers-wuerzburg.de\/\",\"name\":\"Urban Sketchers W\u00fcrzburg\",\"description\":\"\",\"potentialAction\":[{\"@type\":\"SearchAction\",\"target\":{\"@type\":\"EntryPoint\",\"urlTemplate\":\"https:\/\/www.urbansketchers-wuerzburg.de\/?s={search_term_string}\"},\"query-input\":{\"@type\":\"PropertyValueSpecification\",\"valueRequired\":true,\"valueName\":\"search_term_string\"}}],\"inLanguage\":\"de\"}]}<\/script>\n<!-- \/ Yoast SEO plugin. -->","yoast_head_json":{"title":"Datenschutz - Urban Sketchers W\u00fcrzburg","robots":{"index":"index","follow":"follow","max-snippet":"max-snippet:-1","max-image-preview":"max-image-preview:large","max-video-preview":"max-video-preview:-1"},"canonical":"https:\/\/www.urbansketchers-wuerzburg.de\/?page_id=3","og_locale":"de_DE","og_type":"article","og_title":"Datenschutz - Urban Sketchers W\u00fcrzburg","og_description":"Wer wir sind Unsere Website-Adresse lautet:&nbsp;https:\/\/www.urbansketchers-wuerzburg.de. Kommentare Wenn Besucher Kommentare auf der Website hinterlassen, erfassen wir die im Kommentarformular angezeigten Daten sowie die IP-Adresse des Besuchers und den User-Agent-String des Browsers, um die Erkennung von Spam zu unterst\u00fctzen. Eine anonymisierte Zeichenfolge, die aus Ihrer E-Mail-Adresse erstellt wird (auch Hash genannt), kann dem Gravatar-Dienst zur Verf\u00fcgung [&hellip;]","og_url":"https:\/\/www.urbansketchers-wuerzburg.de\/?page_id=3","og_site_name":"Urban Sketchers W\u00fcrzburg","article_modified_time":"2025-03-23T08:58:17+00:00","twitter_card":"summary_large_image","twitter_misc":{"Gesch\u00e4tzte Lesezeit":"4\u00a0Minuten"},"schema":{"@context":"https:\/\/schema.org","@graph":[{"@type":"WebPage","@id":"https:\/\/www.urbansketchers-wuerzburg.de\/?page_id=3","url":"https:\/\/www.urbansketchers-wuerzburg.de\/?page_id=3","name":"Datenschutz - Urban Sketchers W\u00fcrzburg","isPartOf":{"@id":"https:\/\/www.urbansketchers-wuerzburg.de\/#website"},"datePublished":"2025-03-23T07:43:20+00:00","dateModified":"2025-03-23T08:58:17+00:00","breadcrumb":{"@id":"https:\/\/www.urbansketchers-wuerzburg.de\/?page_id=3#breadcrumb"},"inLanguage":"de","potentialAction":[{"@type":"ReadAction","target":["https:\/\/www.urbansketchers-wuerzburg.de\/?page_id=3"]}]},{"@type":"BreadcrumbList","@id":"https:\/\/www.urbansketchers-wuerzburg.de\/?page_id=3#breadcrumb","itemListElement":[{"@type":"ListItem","position":1,"name":"Startseite","item":"https:\/\/www.urbansketchers-wuerzburg.de\/"},{"@type":"ListItem","position":2,"name":"Datenschutz"}]},{"@type":"WebSite","@id":"https:\/\/www.urbansketchers-wuerzburg.de\/#website","url":"https:\/\/www.urbansketchers-wuerzburg.de\/","name":"Urban Sketchers W\u00fcrzburg","description":"","potentialAction":[{"@type":"SearchAction","target":{"@type":"EntryPoint","urlTemplate":"https:\/\/www.urbansketchers-wuerzburg.de\/?s={search_term_string}"},"query-input":{"@type":"PropertyValueSpecification","valueRequired":true,"valueName":"search_term_string"}}],"inLanguage":"de"}]}},"_links":{"self":[{"href":"https:\/\/www.urbansketchers-wuerzburg.de\/index.php?rest_route=\/wp\/v2\/pages\/3","targetHints":{"allow":["GET"]}}],"collection":[{"href":"https:\/\/www.urbansketchers-wuerzburg.de\/index.php?rest_route=\/wp\/v2\/pages"}],"about":[{"href":"https:\/\/www.urbansketchers-wuerzburg.de\/index.php?rest_route=\/wp\/v2\/types\/page"}],"author":[{"embeddable":true,"href":"https:\/\/www.urbansketchers-wuerzburg.de\/index.php?rest_route=\/wp\/v2\/users\/1"}],"replies":[{"embeddable":true,"href":"https:\/\/www.urbansketchers-wuerzburg.de\/index.php?rest_route=%2Fwp%2Fv2%2Fcomments&post=3"}],"version-history":[{"count":1,"href":"https:\/\/www.urbansketchers-wuerzburg.de\/index.php?rest_route=\/wp\/v2\/pages\/3\/revisions"}],"predecessor-version":[{"id":11,"href":"https:\/\/www.urbansketchers-wuerzburg.de\/index.php?rest_route=\/wp\/v2\/pages\/3\/revisions\/11"}],"wp:attachment":[{"href":"https:\/\/www.urbansketchers-wuerzburg.de\/index.php?rest_route=%2Fwp%2Fv2%2Fmedia&parent=3"}],"curies":[{"name":"wp","href":"https:\/\/api.w.org\/{rel}","templated":true}]}}